{"id":26,"date":"2013-05-07T12:39:39","date_gmt":"2013-05-07T10:39:39","guid":{"rendered":"http:\/\/localhost\/balatoncsicso.hu\/nivegyvolgyiszallas\/?page_id=26"},"modified":"2024-08-09T13:51:43","modified_gmt":"2024-08-09T11:51:43","slug":"nivegy-volgyi-ifjusagi-szallo","status":"publish","type":"page","link":"https:\/\/balatoncsicso.hu\/ifiszallo\/","title":{"rendered":"Kezd\u0151lap"},"content":{"rendered":"<p>&nbsp;<\/p>\n<p><iframe loading=\"lazy\" title=\"Dombok Falvak Kalandok 3p\" width=\"625\" height=\"352\" src=\"https:\/\/www.youtube.com\/embed\/KCszVjEkl74?feature=oembed\" frameborder=\"0\" allow=\"accelerometer; autoplay; clipboard-write; encrypted-media; gyroscope; picture-in-picture; web-share\" referrerpolicy=\"strict-origin-when-cross-origin\" allowfullscreen><\/iframe><\/p>\n<h1 style=\"text-align: left;\" align=\"center\">\u00dcdv\u00f6z\u00f6lj\u00fck a Nivegy-v\u00f6lgyi Ifj\u00fas\u00e1gi Sz\u00e1ll\u00f3 honlapj\u00e1n!<\/h1>\n<p style=\"text-align: left;\">A <b>Balaton<\/b> \u00e9szaki partj\u00e1n tal\u00e1lhat\u00f3 <strong>50 f\u00e9r\u0151helyes, balatoncsics\u00f3i \u00fcd\u00fcl\u0151nk<\/strong> kiv\u00e1l\u00f3 helysz\u00edn\u00fcl szolg\u00e1lhat <b>oszt\u00e1lykir\u00e1ndul\u00e1s, ny\u00e1ri t\u00e1bor, g\u00f3lyat\u00e1bor, edz\u0151t\u00e1bor, gyalog- \u00e9s ker\u00e9kp\u00e1rt\u00far\u00e1k<\/b>, stb. sz\u00e1m\u00e1ra. Ifj\u00fas\u00e1gi sz\u00e1ll\u00e1sunkon \u00e1ltal\u00e1nos- \u00e9s k\u00f6z\u00e9piskol\u00e1k, gyermek-, ifj\u00fas\u00e1gi \u00e9s sportegyes\u00fcletek csoportjait, valamint csal\u00e1dokat, bar\u00e1ti t\u00e1rsas\u00e1gokat egyar\u00e1nt sz\u00edvesen l\u00e1tunk.<\/p>\n<h2 style=\"text-align: left;\"><strong><img loading=\"lazy\" decoding=\"async\" class=\"alignright size-thumbnail wp-image-226\" src=\"http:\/\/balatoncsicso.hu\/ifiszallo\/wp-content\/uploads\/bemutatkozo1-150x150.jpg\" alt=\"bemutatkozo1\" width=\"150\" height=\"150\" \/>Mi\u00e9rt \u00e9rdemes minket v\u00e1lasztani?<\/strong><\/h2>\n<p style=\"text-align: left;\">Az al\u00e1bbiakban r\u00f6viden \u00f6sszefoglaljuk t\u00e1borunk jellemz\u0151it &#8211; ami\u00e9rt \u00e9rdemes ell\u00e1togatni hozz\u00e1nk. Mindez csak \u00edzel\u00edt\u0151, hiszen honlapunk tov\u00e1bbi oldalain r\u00e9szletes t\u00e1j\u00e9koztat\u00e1st tal\u00e1l \u00fcd\u00fcl\u0151nkr\u0151l, a k\u00f6rny\u00e9k l\u00e1tnival\u00f3ir\u00f3l, a programlehet\u0151s\u00e9gekr\u0151l.<\/p>\n<p style=\"text-align: left;\"><a href=\"http:\/\/balatoncsicso.hu\/ifiszallo\/wp-content\/uploads\/bemutatkozo2.jpg\" class=\"gallery_colorbox\"><img loading=\"lazy\" decoding=\"async\" class=\"alignright size-thumbnail wp-image-225\" src=\"http:\/\/balatoncsicso.hu\/ifiszallo\/wp-content\/uploads\/bemutatkozo2-150x150.jpg\"  alt=\"bemutatkozo2\" width=\"150\" height=\"150\" \/><\/a>A t\u00e1bor <b>kedvez\u0151 \u00e1ron k\u00e9nyelmes sz\u00e1ll\u00e1st<\/b> biztos\u00edt; vend\u00e9geink \u00e9lm\u00e9nyekben gazdag ell\u00e1t\u00e1sban r\u00e9szes\u00fclnek, melynek r\u00e9sze a <b>csal\u00e1dias vend\u00e9gszeretet<\/b>. \u00dcd\u00fcl\u0151nk j\u00f3 lehet\u0151s\u00e9get ad a legk\u00fcl\u00f6nf\u00e9l\u00e9bb <b>fedett- \u00e9s szabadt\u00e9ri foglalkoz\u00e1sok<\/b>, programok <b>megval\u00f3s\u00edt\u00e1s\u00e1hoz<\/b>.<\/p>\n<p style=\"text-align: left;\"><b>V\u00e1ltozatos<\/b> <b>programlehet\u0151s\u00e9gek <\/b>lehet\u0151v\u00e9 teszik. hogy hasznos <b>ismeretekkel<\/b> is gazdagodjanak, valamint olyan k\u00e9zm\u0171ves mesters\u00e9geket is kipr\u00f3b\u00e1ljanak, melyre nem mindig ny\u00edlik alkalom.<a href=\"http:\/\/balatoncsicso.hu\/ifiszallo\/wp-content\/uploads\/dscn5678.jpg\" class=\"gallery_colorbox\"><img loading=\"lazy\" decoding=\"async\" class=\"alignright size-thumbnail wp-image-334\" src=\"http:\/\/balatoncsicso.hu\/ifiszallo\/wp-content\/uploads\/dscn5678-150x150.jpg\"  alt=\"\" width=\"150\" height=\"150\" \/><\/a><\/p>\n<p style=\"text-align: left;\">\u00c9rdekes \u00e9s tartalmas id\u0151t\u00f6lt\u00e9st biztos\u00edt a term\u00e9szeti-, t\u00f6rt\u00e9nelmi \u00e9s kultur\u00e1lis <b>l\u00e1tnival\u00f3kban gazdag<\/b> k\u00f6rny\u00e9k. <b>\u00c1rp\u00e1d-kori templomok<\/b>, megk\u00f6vesedett <b>l\u00e1vaoszlopok<\/b>, mos\u00f3h\u00e1zak, \u0151si <b>v\u00e1rak<\/b> \u00e9s kast\u00e9lyok, <b>m\u0171eml\u00e9kek, m\u00fazeumok<\/b> v\u00e1rj\u00e1k vend\u00e9geinket.<\/p>\n<h2 style=\"text-align: left;\"><strong>\u00dcd\u00fcl\u0151nk jellemz\u0151i<\/strong><\/h2>\n<p style=\"text-align: left;\"><a href=\"http:\/\/balatoncsicso.hu\/ifiszallo\/wp-content\/uploads\/bemutatkozo6.jpg\" class=\"gallery_colorbox\"><img loading=\"lazy\" decoding=\"async\" class=\"alignright size-thumbnail wp-image-221\" src=\"http:\/\/balatoncsicso.hu\/ifiszallo\/wp-content\/uploads\/bemutatkozo6-150x150.jpg\"  alt=\"bemutatkozo6\" width=\"150\" height=\"150\" \/><\/a><b>50 f\u00e9r\u0151helyes \u00fcd\u00fcl\u0151nk<\/b> rendezett, parkos\u00edtott k\u00f6rnyezetben fekszik, <b>k\u00f6nnyen megk\u00f6zel\u00edthet\u0151<\/b>. Aut\u00f3val a Balaton \u00e9szaki oldal\u00e1n fut\u00f3 71-es sz\u00e1m\u00fa f\u0151\u00faton, Z\u00e1nk\u00e1n\u00e1l \u00e9szakra fordulva vagy a Veszpr\u00e9met Tapolc\u00e1val \u00f6sszek\u00f6t\u0151 \u00faton Nagyv\u00e1zsonyn\u00e1l d\u00e9lre, Z\u00e1nka fel\u00e9 fordulva \u00e9rhetj\u00fck el. Vonattal a Z\u00e1nka-k\u00f6vesk\u00e1li vas\u00fat\u00e1llom\u00e1son lesz\u00e1llva k\u00f6zel\u00edthetj\u00fck meg.<b><a href=\"http:\/\/localhost\/balatoncsicso.hu\/nivegyvolgyiszallas\/wp-content\/uploads\/2013\/05\/bemutatkozo4.jpg\"><br \/>\n<\/a><br \/>\n<\/b><\/p>\n<h2>Elhelyez\u00e9s \u00e9s ell\u00e1t\u00e1s<a href=\"http:\/\/balatoncsicso.hu\/ifiszallo\/wp-content\/uploads\/bemutatkozo4.jpg\" class=\"gallery_colorbox\"><img loading=\"lazy\" decoding=\"async\" class=\"alignright size-thumbnail wp-image-223\" src=\"http:\/\/balatoncsicso.hu\/ifiszallo\/wp-content\/uploads\/bemutatkozo4-150x150.jpg\"  alt=\"bemutatkozo4\" width=\"150\" height=\"150\" \/><\/a><\/h2>\n<p style=\"text-align: left;\">A <b>3, 4 \u00e1gyas szob\u00e1k<\/b> k\u0151\u00e9p\u00fcletben, a tet\u0151t\u00e9rben helyezkednek el. Fel\u00faj\u00edtott k\u00f6z\u00f6s vizesblokkal rendelkez\u00fcnk<\/p>\n<h2 style=\"text-align: left;\" align=\"center\">\u00c9tkez\u00e9s<a href=\"http:\/\/balatoncsicso.hu\/ifiszallo\/wp-content\/uploads\/IMG_20200716_1502161-scaled.jpg\" class=\"gallery_colorbox\"><img loading=\"lazy\" decoding=\"async\" class=\"alignright size-thumbnail wp-image-585\" src=\"http:\/\/balatoncsicso.hu\/ifiszallo\/wp-content\/uploads\/IMG_20200716_1502161-150x150.jpg\"  alt=\"\" width=\"150\" height=\"150\" \/><\/a><\/h2>\n<p style=\"text-align: left;\">\u00c9tkez\u00e9si lehet\u0151s\u00e9get m\u00e1s szolg\u00e1ltat\u00f3 seg\u00edts\u00e9g\u00e9t ig\u00e9nybe v\u00e9ve tudunk biztos\u00edtani. Az \u00f6nell\u00e1t\u00e1st kedvel\u0151k sz\u00e1m\u00e1ra bogr\u00e1csoz\u00e1sra, ny\u00e1rsaz\u00e1sra van m\u00f3d, de ig\u00e9ny szerint kemenc\u00e9ben s\u00fclt \u00e9teleket is k\u00e9sz\u00edt\u00fcnk.<\/p>\n<h2 style=\"text-align: left;\" align=\"center\">Jellemz\u0151k, felszerelts\u00e9g<\/h2>\n<h2 style=\"text-align: left;\" align=\"center\"><a href=\"http:\/\/balatoncsicso.hu\/ifiszallo\/wp-content\/uploads\/bemutatkozo7.jpg\" class=\"gallery_colorbox\"><img loading=\"lazy\" decoding=\"async\" class=\"alignright size-thumbnail wp-image-220\" src=\"http:\/\/balatoncsicso.hu\/ifiszallo\/wp-content\/uploads\/bemutatkozo7-150x150.jpg\"  alt=\"bemutatkozo7\" width=\"150\" height=\"150\" \/><\/a><\/h2>\n<p style=\"text-align: left;\">Az elm\u00falt \u00e9vek fejleszt\u00e9s\u00e9nek k\u00f6sz\u00f6nhet\u0151en a sz\u00e1ll\u00f3 szintje kapott egy konyh\u00e1t \u00e9s \u00e9tkez\u0151t. A helyis\u00e9g alkalmas a teremig\u00e9nyes <b>foglalkoz\u00e1sok megrendez\u00e9s\u00e9re<\/b>, \u00e9s rossz id\u0151 est\u00e9n a szabadid\u0151s programok (pl. k\u00e9zm\u0171ves foglalkoz\u00e1sok, vet\u00e9lked\u0151k stb.) helysz\u00edne is lehet. A folyos\u00f3n a <strong>nyitott<\/strong> <b>t\u00e1rsalg\u00f3<\/b>ban kis csoportos foglalkoz\u00e1sok is tarthat\u00f3ak.<\/p>\n<p style=\"text-align: left;\">A <b>t\u00e1gas udvar<\/b> j\u00f3 lehet\u0151s\u00e9get teremt a szabadt\u00e9ri <b>programokra, sportol\u00e1sra<\/b>. Focizni, kos\u00e1rlabd\u00e1zni, k\u00e9zilabd\u00e1zni is lehet, de aki szeret futni a salakos fut\u00f3p\u00e1ly\u00e1n is tr\u00e9ningezhet. <a href=\"http:\/\/balatoncsicso.hu\/ifiszallo\/wp-content\/uploads\/bemutatkozo8.jpg\" class=\"gallery_colorbox\"><img loading=\"lazy\" decoding=\"async\" class=\" size-thumbnail wp-image-219 alignright\" src=\"http:\/\/balatoncsicso.hu\/ifiszallo\/wp-content\/uploads\/bemutatkozo8-150x150.jpg\"  alt=\"bemutatkozo8\" width=\"150\" height=\"150\" \/><\/a>A j\u00e1tsz\u00f3t\u00e9r sz\u00e1mos sz\u00f3rakoz\u00e1si lehet\u0151s\u00e9get biztos\u00edt a kisebbeknek is. Az itt tal\u00e1lhat\u00f3 <b>padok<\/b> alkalmat adnak a bar\u00e1ti besz\u00e9lget\u00e9sekre, pihen\u00e9sre a j\u00f3 leveg\u0151n, a <b>bogr\u00e1csoz\u00f3hely<\/b> \u00e9s a kemence pedig a szabadt\u00e9ri s\u00fct\u00e9sre-f\u0151z\u00e9sre.<\/p>\n<p>&nbsp;<\/p>\n<p style=\"text-align: left; clear: both;\">\n","protected":false},"excerpt":{"rendered":"<p>&nbsp; \u00dcdv\u00f6z\u00f6lj\u00fck a Nivegy-v\u00f6lgyi Ifj\u00fas\u00e1gi Sz\u00e1ll\u00f3 honlapj\u00e1n! A Balaton \u00e9szaki partj\u00e1n tal\u00e1lhat\u00f3 50 f\u00e9r\u0151helyes, balatoncsics\u00f3i \u00fcd\u00fcl\u0151nk kiv\u00e1l\u00f3 helysz\u00edn\u00fcl szolg\u00e1lhat oszt\u00e1lykir\u00e1ndul\u00e1s, ny\u00e1ri t\u00e1bor, g\u00f3lyat\u00e1bor, edz\u0151t\u00e1bor, gyalog- \u00e9s ker\u00e9kp\u00e1rt\u00far\u00e1k, stb. sz\u00e1m\u00e1ra. Ifj\u00fas\u00e1gi sz\u00e1ll\u00e1sunkon \u00e1ltal\u00e1nos- \u00e9s k\u00f6z\u00e9piskol\u00e1k, gyermek-, ifj\u00fas\u00e1gi \u00e9s sportegyes\u00fcletek csoportjait, valamint csal\u00e1dokat, bar\u00e1ti t\u00e1rsas\u00e1gokat egyar\u00e1nt sz\u00edvesen l\u00e1tunk. Mi\u00e9rt \u00e9rdemes minket v\u00e1lasztani? Az al\u00e1bbiakban r\u00f6viden \u00f6sszefoglaljuk t\u00e1borunk [&hellip;]<\/p>\n","protected":false},"author":3,"featured_media":0,"parent":0,"menu_order":0,"comment_status":"closed","ping_status":"open","template":"","meta":{"footnotes":""},"class_list":["post-26","page","type-page","status-publish","hentry"],"_links":{"self":[{"href":"https:\/\/balatoncsicso.hu\/ifiszallo\/wp-json\/wp\/v2\/pages\/26","targetHints":{"allow":["GET"]}}],"collection":[{"href":"https:\/\/balatoncsicso.hu\/ifiszallo\/wp-json\/wp\/v2\/pages"}],"about":[{"href":"https:\/\/balatoncsicso.hu\/ifiszallo\/wp-json\/wp\/v2\/types\/page"}],"author":[{"embeddable":true,"href":"https:\/\/balatoncsicso.hu\/ifiszallo\/wp-json\/wp\/v2\/users\/3"}],"replies":[{"embeddable":true,"href":"https:\/\/balatoncsicso.hu\/ifiszallo\/wp-json\/wp\/v2\/comments?post=26"}],"version-history":[{"count":12,"href":"https:\/\/balatoncsicso.hu\/ifiszallo\/wp-json\/wp\/v2\/pages\/26\/revisions"}],"predecessor-version":[{"id":642,"href":"https:\/\/balatoncsicso.hu\/ifiszallo\/wp-json\/wp\/v2\/pages\/26\/revisions\/642"}],"wp:attachment":[{"href":"https:\/\/balatoncsicso.hu\/ifiszallo\/wp-json\/wp\/v2\/media?parent=26"}],"curies":[{"name":"wp","href":"https:\/\/api.w.org\/{rel}","templated":true}]}}