{"id":12,"date":"2013-05-07T12:13:56","date_gmt":"2013-05-07T10:13:56","guid":{"rendered":"http:\/\/localhost\/balatoncsicso.hu\/nivegyvolgyiszallas\/?page_id=12"},"modified":"2023-02-10T00:45:49","modified_gmt":"2023-02-09T23:45:49","slug":"kapcsolat","status":"publish","type":"page","link":"https:\/\/balatoncsicso.hu\/ifiszallo\/kapcsolat\/","title":{"rendered":"Kapcsolat"},"content":{"rendered":"<p>Aut\u00f3val a Balaton \u00e9szaki oldal\u00e1n fut\u00f3 71-es sz\u00e1m\u00fa f\u0151\u00faton, Z\u00e1nk\u00e1n\u00e1l \u00e9szakra fordulva vagy a Veszpr\u00e9met Tapolc\u00e1val \u00f6sszek\u00f6t\u0151 \u00faton Nagyv\u00e1zsonyn\u00e1l d\u00e9lre, Z\u00e1nka fel\u00e9 fordulva \u00e9rhetj\u00fck el. Vonattal a Z\u00e1nka-k\u00f6vesk\u00e1li vas\u00fat\u00e1llom\u00e1son lesz\u00e1llva k\u00f6zel\u00edthetj\u00fck meg.<\/p>\n<table>\n<tbody>\n<tr>\n<td><strong>Nivegy-v\u00f6lgyi Ifj\u00fas\u00e1gi Sz\u00e1ll\u00f3<\/strong><br \/>\n8272 Balatoncsics\u00f3, F\u0151 utca 1\/a.<br \/>\nMobil: +36-20\/492-8535<br \/>\nE-mail: <a href=\"mailto:ifiszallo@balatoncsicso.hu\">ifiszallo@balatoncsicso.hu<\/a><\/p>\n<p>FB: www.facebook.com\/csicsoifiszallo<\/td>\n<td><strong>\u00dczemeltet\u0151: Balatoncsics\u00f3 \u00d6nkorm\u00e1nyzat<\/strong><br \/>\n8272 Balatoncsics\u00f3, F\u0151 utca 25.<br \/>\nTelefon\/fax. +36-87\/655-157<br \/>\nE-mail: <a href=\"mailto:k3315@koznet.hu\">k3315@koznet.hu<\/a><\/td>\n<\/tr>\n<\/tbody>\n<\/table>\n<p>V\u00e1rjuk k\u00e9rd\u00e9s\u00e9t vagy foglal\u00e1s\u00e1t:<br \/>\n\n<div class=\"wpcf7 no-js\" id=\"wpcf7-f196-o1\" lang=\"en-US\" dir=\"ltr\" data-wpcf7-id=\"196\">\n<div class=\"screen-reader-response\"><p role=\"status\" aria-live=\"polite\" aria-atomic=\"true\"><\/p> <ul><\/ul><\/div>\n<form action=\"\/ifiszallo\/wp-json\/wp\/v2\/pages\/12#wpcf7-f196-o1\" method=\"post\" class=\"wpcf7-form init\" aria-label=\"Contact form\" novalidate=\"novalidate\" data-status=\"init\">\n<fieldset class=\"hidden-fields-container\"><input type=\"hidden\" name=\"_wpcf7\" value=\"196\" \/><input type=\"hidden\" name=\"_wpcf7_version\" value=\"6.1.1\" \/><input type=\"hidden\" name=\"_wpcf7_locale\" value=\"en_US\" \/><input type=\"hidden\" name=\"_wpcf7_unit_tag\" value=\"wpcf7-f196-o1\" \/><input type=\"hidden\" name=\"_wpcf7_container_post\" value=\"0\" \/><input type=\"hidden\" name=\"_wpcf7_posted_data_hash\" value=\"\" \/>\n<\/fieldset>\n<p>N\u00e9v (k\u00f6telez\u0151)\n<\/p>\n<p><span class=\"wpcf7-form-control-wrap\" data-name=\"your-name\"><input size=\"40\" maxlength=\"400\" class=\"wpcf7-form-control wpcf7-text wpcf7-validates-as-required\" aria-required=\"true\" aria-invalid=\"false\" value=\"\" type=\"text\" name=\"your-name\" \/><\/span>\n<\/p>\n<p>Email c\u00edm (k\u00f6telez\u0151)\n<\/p>\n<p><span class=\"wpcf7-form-control-wrap\" data-name=\"your-email\"><input size=\"40\" maxlength=\"400\" class=\"wpcf7-form-control wpcf7-email wpcf7-validates-as-required wpcf7-text wpcf7-validates-as-email\" aria-required=\"true\" aria-invalid=\"false\" value=\"\" type=\"email\" name=\"your-email\" \/><\/span>\n<\/p>\n<p>\u00dczenet\n<\/p>\n<p><span class=\"wpcf7-form-control-wrap\" data-name=\"your-message\"><textarea cols=\"40\" rows=\"10\" maxlength=\"2000\" class=\"wpcf7-form-control wpcf7-textarea\" aria-invalid=\"false\" name=\"your-message\"><\/textarea><\/span>\n<\/p>\n<p><input class=\"wpcf7-form-control wpcf7-submit has-spinner\" type=\"submit\" value=\"K\u00fcld\u00e9s\" \/>\n<\/p><p style=\"display: none !important;\" class=\"akismet-fields-container\" data-prefix=\"_wpcf7_ak_\"><label>&#916;<textarea name=\"_wpcf7_ak_hp_textarea\" cols=\"45\" rows=\"8\" maxlength=\"100\"><\/textarea><\/label><input type=\"hidden\" id=\"ak_js_1\" name=\"_wpcf7_ak_js\" value=\"27\"\/><script>document.getElementById( \"ak_js_1\" ).setAttribute( \"value\", ( new Date() ).getTime() );<\/script><\/p><div class=\"wpcf7-response-output\" aria-hidden=\"true\"><\/div>\n<\/form>\n<\/div>\n<\/p>\n<p>&nbsp;<\/p>\n<p><iframe loading=\"lazy\" src=\"https:\/\/maps.google.com\/maps\/ms?msa=0&amp;msid=201061534054095331522.0004dc1ffede4d26986aa&amp;ie=UTF8&amp;t=m&amp;ll=46.927759,17.677002&amp;spn=0.211016,0.4216&amp;z=11&amp;output=embed\" width=\"615\" height=\"450\" frameborder=\"0\" marginwidth=\"0\" marginheight=\"0\" scrolling=\"no\"><\/iframe><a href=\"https:\/\/maps.google.com\/maps?f=q&amp;source=embed&amp;hl=hu&amp;geocode=&amp;q=Balatoncsics%C3%B3,+F%C5%91+utca+1,+Magyarorsz%C3%A1g&amp;aq=t&amp;sll=46.921193,17.67065&amp;sspn=0.049478,0.111494&amp;ie=UTF8&amp;hq=&amp;hnear=8272+Balatoncsics%C3%B3,+F%C5%91+utca+1,+Magyarorsz%C3%A1g&amp;ll=46.925604,17.668901&amp;spn=0.098988,0.222988&amp;t=m&amp;z=13\">Nagyobb t\u00e9rk\u00e9pen val\u00f3 megjelen\u00edt\u00e9s<\/a><\/p>\n","protected":false},"excerpt":{"rendered":"<p>Aut\u00f3val a Balaton \u00e9szaki oldal\u00e1n fut\u00f3 71-es sz\u00e1m\u00fa f\u0151\u00faton, Z\u00e1nk\u00e1n\u00e1l \u00e9szakra fordulva vagy a Veszpr\u00e9met Tapolc\u00e1val \u00f6sszek\u00f6t\u0151 \u00faton Nagyv\u00e1zsonyn\u00e1l d\u00e9lre, Z\u00e1nka fel\u00e9 fordulva \u00e9rhetj\u00fck el. Vonattal a Z\u00e1nka-k\u00f6vesk\u00e1li vas\u00fat\u00e1llom\u00e1son lesz\u00e1llva k\u00f6zel\u00edthetj\u00fck meg. Nivegy-v\u00f6lgyi Ifj\u00fas\u00e1gi Sz\u00e1ll\u00f3 8272 Balatoncsics\u00f3, F\u0151 utca 1\/a. Mobil: +36-20\/492-8535 E-mail: ifiszallo@balatoncsicso.hu FB: www.facebook.com\/csicsoifiszallo \u00dczemeltet\u0151: Balatoncsics\u00f3 \u00d6nkorm\u00e1nyzat 8272 Balatoncsics\u00f3, F\u0151 utca 25. Telefon\/fax. [&hellip;]<\/p>\n","protected":false},"author":3,"featured_media":0,"parent":0,"menu_order":0,"comment_status":"closed","ping_status":"open","template":"","meta":{"footnotes":""},"class_list":["post-12","page","type-page","status-publish","hentry"],"_links":{"self":[{"href":"https:\/\/balatoncsicso.hu\/ifiszallo\/wp-json\/wp\/v2\/pages\/12","targetHints":{"allow":["GET"]}}],"collection":[{"href":"https:\/\/balatoncsicso.hu\/ifiszallo\/wp-json\/wp\/v2\/pages"}],"about":[{"href":"https:\/\/balatoncsicso.hu\/ifiszallo\/wp-json\/wp\/v2\/types\/page"}],"author":[{"embeddable":true,"href":"https:\/\/balatoncsicso.hu\/ifiszallo\/wp-json\/wp\/v2\/users\/3"}],"replies":[{"embeddable":true,"href":"https:\/\/balatoncsicso.hu\/ifiszallo\/wp-json\/wp\/v2\/comments?post=12"}],"version-history":[{"count":2,"href":"https:\/\/balatoncsicso.hu\/ifiszallo\/wp-json\/wp\/v2\/pages\/12\/revisions"}],"predecessor-version":[{"id":630,"href":"https:\/\/balatoncsicso.hu\/ifiszallo\/wp-json\/wp\/v2\/pages\/12\/revisions\/630"}],"wp:attachment":[{"href":"https:\/\/balatoncsicso.hu\/ifiszallo\/wp-json\/wp\/v2\/media?parent=12"}],"curies":[{"name":"wp","href":"https:\/\/api.w.org\/{rel}","templated":true}]}}