{"id":11,"date":"2013-05-07T12:14:01","date_gmt":"2013-05-07T10:14:01","guid":{"rendered":"http:\/\/localhost\/balatoncsicso.hu\/nivegyvolgyiszallas\/?page_id=11"},"modified":"2013-05-07T12:14:01","modified_gmt":"2013-05-07T10:14:01","slug":"vendegkonyv","status":"publish","type":"page","link":"https:\/\/balatoncsicso.hu\/ifiszallo\/vendegkonyv\/","title":{"rendered":"Vend\u00e9gk\u00f6nyv"},"content":{"rendered":"<p>V\u00e1rjuk v\u00e9lem\u00e9nyeiket, k\u00e9rd\u00e9seiket.<\/p>\n","protected":false},"excerpt":{"rendered":"<p>V\u00e1rjuk v\u00e9lem\u00e9nyeiket, k\u00e9rd\u00e9seiket.<\/p>\n","protected":false},"author":3,"featured_media":0,"parent":0,"menu_order":0,"comment_status":"open","ping_status":"open","template":"","meta":{"footnotes":""},"class_list":["post-11","page","type-page","status-publish","hentry"],"_links":{"self":[{"href":"https:\/\/balatoncsicso.hu\/ifiszallo\/wp-json\/wp\/v2\/pages\/11","targetHints":{"allow":["GET"]}}],"collection":[{"href":"https:\/\/balatoncsicso.hu\/ifiszallo\/wp-json\/wp\/v2\/pages"}],"about":[{"href":"https:\/\/balatoncsicso.hu\/ifiszallo\/wp-json\/wp\/v2\/types\/page"}],"author":[{"embeddable":true,"href":"https:\/\/balatoncsicso.hu\/ifiszallo\/wp-json\/wp\/v2\/users\/3"}],"replies":[{"embeddable":true,"href":"https:\/\/balatoncsicso.hu\/ifiszallo\/wp-json\/wp\/v2\/comments?post=11"}],"version-history":[{"count":0,"href":"https:\/\/balatoncsicso.hu\/ifiszallo\/wp-json\/wp\/v2\/pages\/11\/revisions"}],"wp:attachment":[{"href":"https:\/\/balatoncsicso.hu\/ifiszallo\/wp-json\/wp\/v2\/media?parent=11"}],"curies":[{"name":"wp","href":"https:\/\/api.w.org\/{rel}","templated":true}]}}